{"id":96,"date":"2018-10-03T17:21:21","date_gmt":"2018-10-03T17:21:21","guid":{"rendered":"https:\/\/erotica-massagen.de\/?page_id=96"},"modified":"2020-07-30T09:46:33","modified_gmt":"2020-07-30T07:46:33","slug":"meine-massagen","status":"publish","type":"page","link":"https:\/\/kelly.sancho.li\/?page_id=96","title":{"rendered":"Meine Massagen"},"content":{"rendered":"\n<h2 class=\"wp-block-heading\">\u201eRapidinha\u201c \/ The Break Out and Relax Time<\/h2>\n\n\n\n<p>40 Minuten \/ 80\u20ac<br>Intensive Entspannungsmassagen<br>R\u00fccken oder einer deiner Liebslingsstellene +&nbsp;Happy Ende Handjob<br>Ich trage f\u00fcr Dich:&nbsp;Mini Kleid in XS, Dessour in Pink \/ Schwarz, High Heels \u201eGoing to Ibiza\u201c, Rose <img loading=\"lazy\" decoding=\"async\" width=\"20\" height=\"20\" class=\"wp-image-208\" style=\"width: 20px;\" src=\"https:\/\/erotica-massagen.de\/wp-content\/uploads\/2020\/06\/Rose.png\" alt=\"\"> Lipstick<br>Lippenstift Duft von \u201eVictoria Secret\u201c<\/p>\n\n\n\n<h2 class=\"wp-block-heading\">\u201eDezent\u201c<\/h2>\n\n\n\n<p>60 Minuten \/ 100\u20ac<br>Sinnliche Ganzk\u00f6rper Entspannungsmassage<br>F\u00fc\u00dfe, Beine, Ges\u00e4\u00df, R\u00fccken inkl. Handjob<br>Kost\u00fcme: freiz\u00fcgigen V Body in Black, himbeerroter Lippenstift , s\u00fcsse High Heels &#8211; Rio Samba <img loading=\"lazy\" decoding=\"async\" width=\"25\" height=\"25\" class=\"wp-image-220\" style=\"width: 25px;\" src=\"https:\/\/erotica-massagen.de\/wp-content\/uploads\/2020\/06\/Dancer.png\" alt=\"\"><\/p>\n\n\n\n<h2 class=\"wp-block-heading\">Der Voyeur<\/h2>\n\n\n\n<p>60 Minuten \/ 150\u20ac<br>Kelly&#8217;s Body-to-Body Nackmassage, 1x klassische Massage \u00e0 l\u00e0 Kelly (ich masisere Dich in verschiedenen Stellungen, z\u00e4rtliche W\u00e4rme bis starke Ber\u00fchungen \/ Streicheln, Kellys taponement wenn Du magst, gegenseitig streicheln \/ ber\u00fchren, 1x Duschen und 1x Handjob &amp; B-job oder Footjob.<br>Kost\u00fcme: durchsichtiger Body in Weiss, Lippstick  <img decoding=\"async\" alt=\"\ud83c\udf53\" src=\"https:\/\/mail.google.com\/mail\/e\/1f353\" style=\"width: 20px;\"> Erdbeeren, High Heels \u201ethe Panter \u201c, Duft \u201eOpium Di Saint Laurent\u201c &nbsp;&nbsp;<\/p>\n\n\n\n<h2 class=\"wp-block-heading\">Der Treue (nur f\u00fcr Stammg\u00e4ste)<\/h2>\n\n\n\n<p>90 Minunten \/ 200\u20ac<br>1. Striptease Spielchen,\u00a0Warm-Up K\u00f6rper Begr\u00fc\u00dfung \/ Streicheln (the Starter )<br>2. Hand Job, \u00a0B-Job\u00a0<br>3. massieren = Body to Body \u00e0 l\u00e0 Kelly\u00a0<br>4. Handjob\u00a0\u00a0oder B-Job <br>5. klassische Massage \u00e0 l\u00e0 Kelly: Working Hard + Cool down, \u00a0streicheln z\u00e4rtlich bis st\u00e4rker, warme Ber\u00fchrung<br>Kost\u00fcme: \u00a0Kelly&#8217;s Dessous in Wei\u00df, Pink oder Schwarz, High Heels Wild Diva \u00a0<img decoding=\"async\" alt=\"\ud83d\udc06\" src=\"https:\/\/mail.google.com\/mail\/e\/1f406\" style=\"width: 25px;\">, Pink Red Lips, Duft \u201eIn between\u201c No 4<\/p>\n\n\n\n<h2 class=\"wp-block-heading\">Der Lover (nur f\u00fcr Treue) \ud83d\ude42<\/h2>\n\n\n\n<p>Entspannung Massage ab 3 Std.<br>Kelly&#8217;s Secrets &#8211; Kellys Geheimnisse<br>F\u00fcr Kellys Treue<br><br>Alternativ :<br>\u201eThe Kelly Dream Weekend\u201c: Working Hard, Sport, Kultur, Relax &amp; sinnlicher Genuss<br>Nur f\u00fcr Liebhaber der Kelly Massagen<\/p>\n","protected":false},"excerpt":{"rendered":"<p>\u201eRapidinha\u201c \/ The Break Out and Relax Time 40 Minuten \/ 80\u20acIntensive EntspannungsmassagenR\u00fccken oder einer deiner Liebslingsstellene +&nbsp;Happy Ende HandjobIch trage f\u00fcr Dich:&nbsp;Mini Kleid in XS, Dessour in Pink \/ Schwarz, High Heels \u201eGoing to Ibiza\u201c, Rose LipstickLippenstift Duft von \u201eVictoria Secret\u201c \u201eDezent\u201c 60 Minuten \/ 100\u20acSinnliche Ganzk\u00f6rper EntspannungsmassageF\u00fc\u00dfe, Beine,&#8230;<\/p>\n","protected":false},"author":1,"featured_media":0,"parent":0,"menu_order":0,"comment_status":"closed","ping_status":"closed","template":"","meta":{"footnotes":""},"class_list":["post-96","page","type-page","status-publish","hentry"],"_links":{"self":[{"href":"https:\/\/kelly.sancho.li\/index.php?rest_route=\/wp\/v2\/pages\/96","targetHints":{"allow":["GET"]}}],"collection":[{"href":"https:\/\/kelly.sancho.li\/index.php?rest_route=\/wp\/v2\/pages"}],"about":[{"href":"https:\/\/kelly.sancho.li\/index.php?rest_route=\/wp\/v2\/types\/page"}],"author":[{"embeddable":true,"href":"https:\/\/kelly.sancho.li\/index.php?rest_route=\/wp\/v2\/users\/1"}],"replies":[{"embeddable":true,"href":"https:\/\/kelly.sancho.li\/index.php?rest_route=%2Fwp%2Fv2%2Fcomments&post=96"}],"version-history":[{"count":59,"href":"https:\/\/kelly.sancho.li\/index.php?rest_route=\/wp\/v2\/pages\/96\/revisions"}],"predecessor-version":[{"id":237,"href":"https:\/\/kelly.sancho.li\/index.php?rest_route=\/wp\/v2\/pages\/96\/revisions\/237"}],"wp:attachment":[{"href":"https:\/\/kelly.sancho.li\/index.php?rest_route=%2Fwp%2Fv2%2Fmedia&parent=96"}],"curies":[{"name":"wp","href":"https:\/\/api.w.org\/{rel}","templated":true}]}}