{"id":51,"date":"2018-10-01T18:05:51","date_gmt":"2018-10-01T18:05:51","guid":{"rendered":"https:\/\/erotica-massagen.de\/?page_id=51"},"modified":"2020-07-30T09:45:34","modified_gmt":"2020-07-30T07:45:34","slug":"mein-service","status":"publish","type":"page","link":"https:\/\/kelly.sancho.li\/?page_id=51","title":{"rendered":"Meine Person"},"content":{"rendered":"\n<h2 class=\"wp-block-heading\">Kelly Fontes die Latina Lady<\/h2>\n\n\n<div>Mein Name ist Kelly Fontes, ich komme aus S\u00fcdamerika und bin eine prickelnde, athletische und attraktive sexy Lady, die das Spiel des &#8222;Latina flirten&#8220; sehr gut meistert \ud83d\ude42<\/div>\n<div>\u00a0<\/div>\n<div>zu meiner Person :karamell, bronze, braunige Haut, dunklere Haare , 1.70 gross , braune Augen, BH 80b.<\/div>\n<div>\u00a0<\/div>\n<div>Mir kannst du schenken \u00a0:\u00a0<\/div>\n<div>Parf\u00fcm, Blumen, Reisen, Lingerie, Champagner Ros\u00e9 \u00a0<\/div>\n<div>\u00a0<\/div>\n<div>Und deine Gesellschaft \ud83d\udc96<\/div>\n<div>Ich \u00a0wohne s\u00fcdlich von Hannover, zur Zeit biete ich leidenschaftliche Entspannungsmassagen in meinem Massagestudio an.<\/div>\n\n\n<figure class=\"wp-block-image size-large\"><img loading=\"lazy\" decoding=\"async\" width=\"576\" height=\"1024\" src=\"https:\/\/erotica-massagen.de\/wp-content\/uploads\/2020\/05\/unnamed4-576x1024.png\" alt=\"\" class=\"wp-image-200\" srcset=\"https:\/\/kelly.sancho.li\/wp-content\/uploads\/2020\/05\/unnamed4-576x1024.png 576w, https:\/\/kelly.sancho.li\/wp-content\/uploads\/2020\/05\/unnamed4-169x300.png 169w, https:\/\/kelly.sancho.li\/wp-content\/uploads\/2020\/05\/unnamed4-768x1366.png 768w, https:\/\/kelly.sancho.li\/wp-content\/uploads\/2020\/05\/unnamed4-864x1536.png 864w, https:\/\/kelly.sancho.li\/wp-content\/uploads\/2020\/05\/unnamed4.png 1125w\" sizes=\"auto, (max-width: 576px) 100vw, 576px\" \/><\/figure>\n\n\n\n<h2 class=\"wp-block-heading\">Mein Konzept<\/h2>\n\n\n\n<p>Zur meinen sinnlichen Erotischen Entspannungsmassagen:&nbsp; Du m\u00f6chtest eine&nbsp;Auszeit nach der Arbeit oder zwischen durch geniessen? In netter, gepflegten, kultivierten, weltgewandten Gesellschaft? <\/p>\n\n\n\n<p>&#8230;dann bist Du bei mir richtig den meine z\u00e4rtliche H\u00e4nde werden Dein Herz ber\u00fchren \ud83d\udc96 Ich stehe auf seri\u00f6sen h\u00f6fliche Gesch\u00e4ftsm\u00e4nner die auch gesund und gepflegt sind. &nbsp;Die gegenseitigen Respekt, Diskretion, H\u00f6flichkeit, Sauberkeit und Zuverl\u00e4ssigkeit zu sch\u00e4tzen wissen . Ich freue mich schon jetzt \u00fcber euren Nachrichten \ud83e\udd17 <\/p>\n\n\n\n<p>Einen lieben Gruss, Deine Kelly Fontes<\/p>\n","protected":false},"excerpt":{"rendered":"<p>Kelly Fontes die Latina Lady Mein Name ist Kelly Fontes, ich komme aus S\u00fcdamerika und bin eine prickelnde, athletische und attraktive sexy Lady, die das Spiel des &#8222;Latina flirten&#8220; sehr gut meistert \ud83d\ude42 \u00a0 zu meiner Person :karamell, bronze, braunige Haut, dunklere Haare , 1.70 gross , braune Augen, BH&#8230;<\/p>\n","protected":false},"author":1,"featured_media":0,"parent":0,"menu_order":0,"comment_status":"closed","ping_status":"closed","template":"","meta":{"footnotes":""},"class_list":["post-51","page","type-page","status-publish","hentry"],"_links":{"self":[{"href":"https:\/\/kelly.sancho.li\/index.php?rest_route=\/wp\/v2\/pages\/51","targetHints":{"allow":["GET"]}}],"collection":[{"href":"https:\/\/kelly.sancho.li\/index.php?rest_route=\/wp\/v2\/pages"}],"about":[{"href":"https:\/\/kelly.sancho.li\/index.php?rest_route=\/wp\/v2\/types\/page"}],"author":[{"embeddable":true,"href":"https:\/\/kelly.sancho.li\/index.php?rest_route=\/wp\/v2\/users\/1"}],"replies":[{"embeddable":true,"href":"https:\/\/kelly.sancho.li\/index.php?rest_route=%2Fwp%2Fv2%2Fcomments&post=51"}],"version-history":[{"count":18,"href":"https:\/\/kelly.sancho.li\/index.php?rest_route=\/wp\/v2\/pages\/51\/revisions"}],"predecessor-version":[{"id":236,"href":"https:\/\/kelly.sancho.li\/index.php?rest_route=\/wp\/v2\/pages\/51\/revisions\/236"}],"wp:attachment":[{"href":"https:\/\/kelly.sancho.li\/index.php?rest_route=%2Fwp%2Fv2%2Fmedia&parent=51"}],"curies":[{"name":"wp","href":"https:\/\/api.w.org\/{rel}","templated":true}]}}